{"id":63408,"date":"2025-06-27T14:07:01","date_gmt":"2025-06-27T19:07:01","guid":{"rendered":"https:\/\/www.uea.edu.ec\/web\/v2\/?page_id=63408"},"modified":"2025-07-01T14:59:44","modified_gmt":"2025-07-01T19:59:44","slug":"mooc","status":"publish","type":"page","link":"https:\/\/www.uea.edu.ec\/web\/v2\/?page_id=63408","title":{"rendered":""},"content":{"rendered":"\t\t<div data-elementor-type=\"wp-page\" data-elementor-id=\"63408\" class=\"elementor elementor-63408\" data-elementor-settings=\"{&quot;ha_cmc_init_switcher&quot;:&quot;no&quot;}\" data-elementor-post-type=\"page\">\n\t\t\t\t\t\t<section class=\"elementor-section elementor-top-section elementor-element elementor-element-e3e6bcb elementor-section-boxed elementor-section-height-default elementor-section-height-default\" data-id=\"e3e6bcb\" data-element_type=\"section\" data-settings=\"{&quot;_ha_eqh_enable&quot;:false}\">\n\t\t\t\t\t\t<div class=\"elementor-container elementor-column-gap-default\">\n\t\t\t\t\t<div class=\"elementor-column elementor-col-100 elementor-top-column elementor-element elementor-element-07b1a34\" data-id=\"07b1a34\" data-element_type=\"column\">\n\t\t\t<div class=\"elementor-widget-wrap elementor-element-populated\">\n\t\t\t\t\t\t<div class=\"elementor-element elementor-element-a48b4cf elementor-widget elementor-widget-image\" data-id=\"a48b4cf\" data-element_type=\"widget\" data-widget_type=\"image.default\">\n\t\t\t\t<div class=\"elementor-widget-container\">\n\t\t\t\t\t\t\t\t\t\t\t\t\t\t\t<img fetchpriority=\"high\" decoding=\"async\" width=\"2495\" height=\"756\" src=\"https:\/\/www.uea.edu.ec\/web\/v2\/wp-content\/uploads\/2025\/06\/mooc_UEA.png\" class=\"attachment-full size-full wp-image-63454\" alt=\"\" srcset=\"https:\/\/www.uea.edu.ec\/web\/v2\/wp-content\/uploads\/2025\/06\/mooc_UEA.png 2495w, https:\/\/www.uea.edu.ec\/web\/v2\/wp-content\/uploads\/2025\/06\/mooc_UEA-300x91.png 300w, https:\/\/www.uea.edu.ec\/web\/v2\/wp-content\/uploads\/2025\/06\/mooc_UEA-1024x310.png 1024w, https:\/\/www.uea.edu.ec\/web\/v2\/wp-content\/uploads\/2025\/06\/mooc_UEA-768x233.png 768w, https:\/\/www.uea.edu.ec\/web\/v2\/wp-content\/uploads\/2025\/06\/mooc_UEA-1536x465.png 1536w, https:\/\/www.uea.edu.ec\/web\/v2\/wp-content\/uploads\/2025\/06\/mooc_UEA-2048x621.png 2048w\" sizes=\"(max-width: 2495px) 100vw, 2495px\" \/>\t\t\t\t\t\t\t\t\t\t\t\t\t\t\t<\/div>\n\t\t\t\t<\/div>\n\t\t\t\t<div class=\"elementor-element elementor-element-bc5ae58 elementor-widget elementor-widget-heading\" data-id=\"bc5ae58\" data-element_type=\"widget\" data-widget_type=\"heading.default\">\n\t\t\t\t<div class=\"elementor-widget-container\">\n\t\t\t\t\t<h2 class=\"elementor-heading-title elementor-size-default\">\u00bfQu\u00e9 son los cursos MOOC?<\/h2>\t\t\t\t<\/div>\n\t\t\t\t<\/div>\n\t\t\t\t<div class=\"elementor-element elementor-element-ef75b59 elementor-widget elementor-widget-text-editor\" data-id=\"ef75b59\" data-element_type=\"widget\" data-widget_type=\"text-editor.default\">\n\t\t\t\t<div class=\"elementor-widget-container\">\n\t\t\t\t\t\t\t\t\t<p style=\"text-align: justify;\" data-start=\"119\" data-end=\"436\">Los cursos MOOC (Massive Open Online Courses) son cursos en l\u00ednea, masivos y abiertos, dise\u00f1ados para fomentar comunidades de aprendizaje activas y colaborativas. Se caracterizan por ser gratuitos, sin l\u00edmite de participantes y accesibles desde cualquier lugar con conexi\u00f3n a internet.<\/p>\n<p style=\"text-align: justify;\" data-start=\"438\" data-end=\"705\">En la <strong data-start=\"444\" data-end=\"477\">Universidad Estatal Amaz\u00f3nica<\/strong>, promovemos la participaci\u00f3n en este tipo de iniciativas educativas como una estrategia de formaci\u00f3n continua, democratizaci\u00f3n del conocimiento y fortalecimiento de las competencias digitales de nuestra comunidad universitaria.<\/p>\t\t\t\t\t\t\t\t<\/div>\n\t\t\t\t<\/div>\n\t\t\t\t<div class=\"elementor-element elementor-element-47643cb elementor-widget elementor-widget-heading\" data-id=\"47643cb\" data-element_type=\"widget\" data-widget_type=\"heading.default\">\n\t\t\t\t<div class=\"elementor-widget-container\">\n\t\t\t\t\t<h2 class=\"elementor-heading-title elementor-size-default\">Explora lo que tenemos para ti<\/h2>\t\t\t\t<\/div>\n\t\t\t\t<\/div>\n\t\t\t\t<div class=\"elementor-element elementor-element-2c43a5a elementor-widget elementor-widget-html\" data-id=\"2c43a5a\" data-element_type=\"widget\" data-widget_type=\"html.default\">\n\t\t\t\t<div class=\"elementor-widget-container\">\n\t\t\t\t\t<style>\n    .line\n    {\n        height:5px;\n        width:100%;\n        display:table;\n    }\n    .line .gray\n    {\n        background:#BDCA32;\n        width:30%;\n        height:100%;\n        display:table-cell;\n    }\n    .line .red\n    {\n        background:#5EA4A2;\n        width:30%;\n        height:100%;\n        display:table-cell;\n    }\n    .line .black\n    {\n        background:#384152;\n        width:40%;\n        height:100%;\n        display:table-cell;\n    }\n<\/style>\n<div class=\"line\">\n    <div class=\"gray\"><\/div>\n    <div class=\"red\"><\/div>\n    <div class=\"black\"><\/div>\n<\/div>\t\t\t\t<\/div>\n\t\t\t\t<\/div>\n\t\t\t\t\t<\/div>\n\t\t<\/div>\n\t\t\t\t\t<\/div>\n\t\t<\/section>\n\t\t\t\t<section class=\"elementor-section elementor-top-section elementor-element elementor-element-c77dc2b elementor-section-boxed elementor-section-height-default elementor-section-height-default\" data-id=\"c77dc2b\" data-element_type=\"section\" data-settings=\"{&quot;_ha_eqh_enable&quot;:false}\">\n\t\t\t\t\t\t<div class=\"elementor-container elementor-column-gap-default\">\n\t\t\t\t\t<div class=\"elementor-column elementor-col-50 elementor-top-column elementor-element elementor-element-808e76f\" data-id=\"808e76f\" data-element_type=\"column\">\n\t\t\t<div class=\"elementor-widget-wrap elementor-element-populated\">\n\t\t\t\t\t\t<div class=\"elementor-element elementor-element-da418e3 elementor-widget elementor-widget-image\" data-id=\"da418e3\" data-element_type=\"widget\" data-widget_type=\"image.default\">\n\t\t\t\t<div class=\"elementor-widget-container\">\n\t\t\t\t\t\t\t\t\t\t\t\t\t\t\t\t<a href=\"https:\/\/mooc.uea.edu.ec\/registro\" target=\"_blank\">\n\t\t\t\t\t\t\t<img decoding=\"async\" width=\"1530\" height=\"395\" src=\"https:\/\/www.uea.edu.ec\/web\/v2\/wp-content\/uploads\/2025\/06\/UEA-PASANTES-08.png\" class=\"attachment-full size-full wp-image-63481\" alt=\"\" srcset=\"https:\/\/www.uea.edu.ec\/web\/v2\/wp-content\/uploads\/2025\/06\/UEA-PASANTES-08.png 1530w, https:\/\/www.uea.edu.ec\/web\/v2\/wp-content\/uploads\/2025\/06\/UEA-PASANTES-08-300x77.png 300w, https:\/\/www.uea.edu.ec\/web\/v2\/wp-content\/uploads\/2025\/06\/UEA-PASANTES-08-1024x264.png 1024w, https:\/\/www.uea.edu.ec\/web\/v2\/wp-content\/uploads\/2025\/06\/UEA-PASANTES-08-768x198.png 768w\" sizes=\"(max-width: 1530px) 100vw, 1530px\" \/>\t\t\t\t\t\t\t\t<\/a>\n\t\t\t\t\t\t\t\t\t\t\t\t\t\t\t<\/div>\n\t\t\t\t<\/div>\n\t\t\t\t<div class=\"elementor-element elementor-element-c89aa95 elementor-widget elementor-widget-text-editor\" data-id=\"c89aa95\" data-element_type=\"widget\" data-widget_type=\"text-editor.default\">\n\t\t\t\t<div class=\"elementor-widget-container\">\n\t\t\t\t\t\t\t\t\t<p>A continuaci\u00f3n, se presenta la oferta de cursos MOOC disponibles (autoinstruccionales).<\/p>\t\t\t\t\t\t\t\t<\/div>\n\t\t\t\t<\/div>\n\t\t\t\t\t<\/div>\n\t\t<\/div>\n\t\t\t\t<div class=\"elementor-column elementor-col-50 elementor-top-column elementor-element elementor-element-d12f6c7\" data-id=\"d12f6c7\" data-element_type=\"column\">\n\t\t\t<div class=\"elementor-widget-wrap elementor-element-populated\">\n\t\t\t\t\t\t<div class=\"elementor-element elementor-element-9229eda elementor-widget elementor-widget-image\" data-id=\"9229eda\" data-element_type=\"widget\" data-widget_type=\"image.default\">\n\t\t\t\t<div class=\"elementor-widget-container\">\n\t\t\t\t\t\t\t\t\t\t\t\t\t\t\t\t<a href=\"https:\/\/mooc.uea.edu.ec\/certificado\" target=\"_blank\">\n\t\t\t\t\t\t\t<img decoding=\"async\" width=\"1530\" height=\"395\" src=\"https:\/\/www.uea.edu.ec\/web\/v2\/wp-content\/uploads\/2025\/06\/UEA-PASANTES-09.png\" class=\"attachment-full size-full wp-image-63482\" alt=\"\" srcset=\"https:\/\/www.uea.edu.ec\/web\/v2\/wp-content\/uploads\/2025\/06\/UEA-PASANTES-09.png 1530w, https:\/\/www.uea.edu.ec\/web\/v2\/wp-content\/uploads\/2025\/06\/UEA-PASANTES-09-300x77.png 300w, https:\/\/www.uea.edu.ec\/web\/v2\/wp-content\/uploads\/2025\/06\/UEA-PASANTES-09-1024x264.png 1024w, https:\/\/www.uea.edu.ec\/web\/v2\/wp-content\/uploads\/2025\/06\/UEA-PASANTES-09-768x198.png 768w\" sizes=\"(max-width: 1530px) 100vw, 1530px\" \/>\t\t\t\t\t\t\t\t<\/a>\n\t\t\t\t\t\t\t\t\t\t\t\t\t\t\t<\/div>\n\t\t\t\t<\/div>\n\t\t\t\t<div class=\"elementor-element elementor-element-725d515 elementor-widget elementor-widget-text-editor\" data-id=\"725d515\" data-element_type=\"widget\" data-widget_type=\"text-editor.default\">\n\t\t\t\t<div class=\"elementor-widget-container\">\n\t\t\t\t\t\t\t\t\t<p style=\"text-align: justify;\">Las personas interesadas en cursarlos podr\u00e1n obtener un certificado al finalizar y aprobar satisfactoriamente el curso ofertado por la Universidad Estatal Amaz\u00f3nica (UEA).<\/p>\t\t\t\t\t\t\t\t<\/div>\n\t\t\t\t<\/div>\n\t\t\t\t\t<\/div>\n\t\t<\/div>\n\t\t\t\t\t<\/div>\n\t\t<\/section>\n\t\t\t\t<section class=\"elementor-section elementor-top-section elementor-element elementor-element-e2a91f6 elementor-section-boxed elementor-section-height-default elementor-section-height-default\" data-id=\"e2a91f6\" data-element_type=\"section\" data-settings=\"{&quot;_ha_eqh_enable&quot;:false}\">\n\t\t\t\t\t\t<div class=\"elementor-container elementor-column-gap-default\">\n\t\t\t\t\t<div class=\"elementor-column elementor-col-100 elementor-top-column elementor-element elementor-element-0ed32ba\" data-id=\"0ed32ba\" data-element_type=\"column\">\n\t\t\t<div class=\"elementor-widget-wrap elementor-element-populated\">\n\t\t\t\t\t\t<div class=\"elementor-element elementor-element-571210b elementor-widget elementor-widget-heading\" data-id=\"571210b\" data-element_type=\"widget\" data-widget_type=\"heading.default\">\n\t\t\t\t<div class=\"elementor-widget-container\">\n\t\t\t\t\t<h2 class=\"elementor-heading-title elementor-size-default\">Si ya se encuentra inscrito en alg\u00fan curso, puede acceder a su aula desde aqu\u00ed:<\/h2>\t\t\t\t<\/div>\n\t\t\t\t<\/div>\n\t\t\t\t<div class=\"elementor-element elementor-element-692a0f0 elementor-widget elementor-widget-html\" data-id=\"692a0f0\" data-element_type=\"widget\" data-widget_type=\"html.default\">\n\t\t\t\t<div class=\"elementor-widget-container\">\n\t\t\t\t\t<style>\n    .line\n    {\n        height:5px;\n        width:100%;\n        display:table;\n    }\n    .line .gray\n    {\n        background:#BDCA32;\n        width:30%;\n        height:100%;\n        display:table-cell;\n    }\n    .line .red\n    {\n        background:#5EA4A2;\n        width:30%;\n        height:100%;\n        display:table-cell;\n    }\n    .line .black\n    {\n        background:#384152;\n        width:40%;\n        height:100%;\n        display:table-cell;\n    }\n<\/style>\n<div class=\"line\">\n    <div class=\"gray\"><\/div>\n    <div class=\"red\"><\/div>\n    <div class=\"black\"><\/div>\n<\/div>\t\t\t\t<\/div>\n\t\t\t\t<\/div>\n\t\t\t\t\t<\/div>\n\t\t<\/div>\n\t\t\t\t\t<\/div>\n\t\t<\/section>\n\t\t\t\t<section class=\"elementor-section elementor-top-section elementor-element elementor-element-c7e6946 elementor-section-boxed elementor-section-height-default elementor-section-height-default\" data-id=\"c7e6946\" data-element_type=\"section\" data-settings=\"{&quot;_ha_eqh_enable&quot;:false}\">\n\t\t\t\t\t\t<div class=\"elementor-container elementor-column-gap-default\">\n\t\t\t\t\t<div class=\"elementor-column elementor-col-100 elementor-top-column elementor-element elementor-element-39db1c6\" data-id=\"39db1c6\" data-element_type=\"column\">\n\t\t\t<div class=\"elementor-widget-wrap elementor-element-populated\">\n\t\t\t\t\t\t<div class=\"elementor-element elementor-element-19c6b9c elementor-widget elementor-widget-image\" data-id=\"19c6b9c\" data-element_type=\"widget\" data-widget_type=\"image.default\">\n\t\t\t\t<div class=\"elementor-widget-container\">\n\t\t\t\t\t\t\t\t\t\t\t\t\t\t\t\t<a href=\"https:\/\/eva.mooc.uea.edu.ec\/v1\/web\/my\/\" target=\"_blank\">\n\t\t\t\t\t\t\t<img loading=\"lazy\" decoding=\"async\" width=\"1530\" height=\"395\" src=\"https:\/\/www.uea.edu.ec\/web\/v2\/wp-content\/uploads\/2025\/07\/MOOC-UEA-BOTONES-09.png\" class=\"attachment-full size-full wp-image-63549\" alt=\"\" srcset=\"https:\/\/www.uea.edu.ec\/web\/v2\/wp-content\/uploads\/2025\/07\/MOOC-UEA-BOTONES-09.png 1530w, https:\/\/www.uea.edu.ec\/web\/v2\/wp-content\/uploads\/2025\/07\/MOOC-UEA-BOTONES-09-300x77.png 300w, https:\/\/www.uea.edu.ec\/web\/v2\/wp-content\/uploads\/2025\/07\/MOOC-UEA-BOTONES-09-1024x264.png 1024w, https:\/\/www.uea.edu.ec\/web\/v2\/wp-content\/uploads\/2025\/07\/MOOC-UEA-BOTONES-09-768x198.png 768w\" sizes=\"(max-width: 1530px) 100vw, 1530px\" \/>\t\t\t\t\t\t\t\t<\/a>\n\t\t\t\t\t\t\t\t\t\t\t\t\t\t\t<\/div>\n\t\t\t\t<\/div>\n\t\t\t\t\t<\/div>\n\t\t<\/div>\n\t\t\t\t\t<\/div>\n\t\t<\/section>\n\t\t\t\t<\/div>\n\t\t","protected":false},"excerpt":{"rendered":"<p>\u00bfQu\u00e9 son los cursos MOOC? Los cursos MOOC (Massive Open Online Courses) son cursos en l\u00ednea, masivos y abiertos, dise\u00f1ados &hellip; <\/p>\n","protected":false},"author":4,"featured_media":0,"parent":0,"menu_order":0,"comment_status":"closed","ping_status":"closed","template":"","meta":{"om_disable_all_campaigns":false,"_monsterinsights_skip_tracking":false,"_monsterinsights_sitenote_active":false,"_monsterinsights_sitenote_note":"","_monsterinsights_sitenote_category":0,"footnotes":""},"class_list":["post-63408","page","type-page","status-publish","hentry"],"_links":{"self":[{"href":"https:\/\/www.uea.edu.ec\/web\/v2\/index.php?rest_route=\/wp\/v2\/pages\/63408","targetHints":{"allow":["GET"]}}],"collection":[{"href":"https:\/\/www.uea.edu.ec\/web\/v2\/index.php?rest_route=\/wp\/v2\/pages"}],"about":[{"href":"https:\/\/www.uea.edu.ec\/web\/v2\/index.php?rest_route=\/wp\/v2\/types\/page"}],"author":[{"embeddable":true,"href":"https:\/\/www.uea.edu.ec\/web\/v2\/index.php?rest_route=\/wp\/v2\/users\/4"}],"replies":[{"embeddable":true,"href":"https:\/\/www.uea.edu.ec\/web\/v2\/index.php?rest_route=%2Fwp%2Fv2%2Fcomments&post=63408"}],"version-history":[{"count":33,"href":"https:\/\/www.uea.edu.ec\/web\/v2\/index.php?rest_route=\/wp\/v2\/pages\/63408\/revisions"}],"predecessor-version":[{"id":63556,"href":"https:\/\/www.uea.edu.ec\/web\/v2\/index.php?rest_route=\/wp\/v2\/pages\/63408\/revisions\/63556"}],"wp:attachment":[{"href":"https:\/\/www.uea.edu.ec\/web\/v2\/index.php?rest_route=%2Fwp%2Fv2%2Fmedia&parent=63408"}],"curies":[{"name":"wp","href":"https:\/\/api.w.org\/{rel}","templated":true}]}}