{"id":68110,"date":"2026-04-17T16:12:16","date_gmt":"2026-04-17T21:12:16","guid":{"rendered":"https:\/\/www.uea.edu.ec\/web\/v2\/?page_id=68110"},"modified":"2026-04-17T17:00:27","modified_gmt":"2026-04-17T22:00:27","slug":"rendicion-de-cuentas-2025","status":"publish","type":"page","link":"https:\/\/www.uea.edu.ec\/web\/v2\/?page_id=68110","title":{"rendered":""},"content":{"rendered":"\t\t<div data-elementor-type=\"wp-page\" data-elementor-id=\"68110\" class=\"elementor elementor-68110\" data-elementor-settings=\"{&quot;ha_cmc_init_switcher&quot;:&quot;no&quot;}\" data-elementor-post-type=\"page\">\n\t\t\t\t\t\t<section class=\"elementor-section elementor-top-section elementor-element elementor-element-b137b17 elementor-section-boxed elementor-section-height-default elementor-section-height-default\" data-id=\"b137b17\" data-element_type=\"section\" data-settings=\"{&quot;_ha_eqh_enable&quot;:false}\">\n\t\t\t\t\t\t<div class=\"elementor-container elementor-column-gap-default\">\n\t\t\t\t\t<div class=\"elementor-column elementor-col-100 elementor-top-column elementor-element elementor-element-d305da6\" data-id=\"d305da6\" data-element_type=\"column\">\n\t\t\t<div class=\"elementor-widget-wrap elementor-element-populated\">\n\t\t\t\t\t\t<div class=\"elementor-element elementor-element-13e9015 elementor-widget elementor-widget-image\" data-id=\"13e9015\" data-element_type=\"widget\" data-widget_type=\"image.default\">\n\t\t\t\t<div class=\"elementor-widget-container\">\n\t\t\t\t\t\t\t\t\t\t\t\t\t\t\t<img fetchpriority=\"high\" decoding=\"async\" width=\"1536\" height=\"309\" src=\"https:\/\/www.uea.edu.ec\/web\/v2\/wp-content\/uploads\/2026\/04\/RENDICION_2025-1536x309.png\" class=\"attachment-1536x1536 size-1536x1536 wp-image-68125\" alt=\"\" srcset=\"https:\/\/www.uea.edu.ec\/web\/v2\/wp-content\/uploads\/2026\/04\/RENDICION_2025-1536x309.png 1536w, https:\/\/www.uea.edu.ec\/web\/v2\/wp-content\/uploads\/2026\/04\/RENDICION_2025-300x60.png 300w, https:\/\/www.uea.edu.ec\/web\/v2\/wp-content\/uploads\/2026\/04\/RENDICION_2025-1024x206.png 1024w, https:\/\/www.uea.edu.ec\/web\/v2\/wp-content\/uploads\/2026\/04\/RENDICION_2025-768x155.png 768w, https:\/\/www.uea.edu.ec\/web\/v2\/wp-content\/uploads\/2026\/04\/RENDICION_2025-2048x413.png 2048w\" sizes=\"(max-width: 1536px) 100vw, 1536px\" \/>\t\t\t\t\t\t\t\t\t\t\t\t\t\t\t<\/div>\n\t\t\t\t<\/div>\n\t\t\t\t\t<\/div>\n\t\t<\/div>\n\t\t\t\t\t<\/div>\n\t\t<\/section>\n\t\t\t\t<section class=\"elementor-section elementor-top-section elementor-element elementor-element-edbd67d elementor-section-boxed elementor-section-height-default elementor-section-height-default\" data-id=\"edbd67d\" data-element_type=\"section\" data-settings=\"{&quot;_ha_eqh_enable&quot;:false}\">\n\t\t\t\t\t\t<div class=\"elementor-container elementor-column-gap-default\">\n\t\t\t\t\t<div class=\"elementor-column elementor-col-100 elementor-top-column elementor-element elementor-element-f13f87b\" data-id=\"f13f87b\" data-element_type=\"column\">\n\t\t\t<div class=\"elementor-widget-wrap elementor-element-populated\">\n\t\t\t\t\t\t<div class=\"elementor-element elementor-element-8f8c961 elementor-widget elementor-widget-text-editor\" data-id=\"8f8c961\" data-element_type=\"widget\" data-widget_type=\"text-editor.default\">\n\t\t\t\t<div class=\"elementor-widget-container\">\n\t\t\t\t\t\t\t\t\t<p><strong>Fase 1: Organizaci\u00f3n interna institucional<\/strong><br \/>1. Conformaci\u00f3n del equipo responsable del Proceso de Rendici\u00f3n de Cuentas<br \/>2. Designaci\u00f3n de responsables del proceso y del sistema<br \/>3. Definici\u00f3n de herramientas y cronograma<br \/><img decoding=\"async\" class=\"alignnone wp-image-30559 size-full\" src=\"https:\/\/www.uea.edu.ec\/web\/v2\/wp-content\/uploads\/2023\/03\/Captura-de-pantalla-2023-03-17-142243.png\" sizes=\"(max-width: 1230px) 100vw, 1230px\" srcset=\"https:\/\/www.uea.edu.ec\/web\/v2\/wp-content\/uploads\/2023\/03\/Captura-de-pantalla-2023-03-17-142243.png 1230w, https:\/\/www.uea.edu.ec\/web\/v2\/wp-content\/uploads\/2023\/03\/Captura-de-pantalla-2023-03-17-142243-300x13.png 300w, https:\/\/www.uea.edu.ec\/web\/v2\/wp-content\/uploads\/2023\/03\/Captura-de-pantalla-2023-03-17-142243-1024x44.png 1024w, https:\/\/www.uea.edu.ec\/web\/v2\/wp-content\/uploads\/2023\/03\/Captura-de-pantalla-2023-03-17-142243-768x33.png 768w\" alt=\"\" width=\"1230\" height=\"53\" \/><br \/><strong>Fase 2: Elaboraci\u00f3n del Informe de Rendici\u00f3n de Cuentas<\/strong><br \/>1. Consolidaci\u00f3n y Evaluaci\u00f3n de la Gesti\u00f3n Institucional<br \/>2. Habilitaci\u00f3n de canales de participaci\u00f3n ciudadana para recoger temas de inter\u00e9s.<br \/>3. Elaboraci\u00f3n del formulario preliminar y del informe narrativo.<br \/>4. Socializaci\u00f3n del informe<br \/>5. Aprobaci\u00f3n por la m\u00e1xima autoridad<br \/><img decoding=\"async\" class=\"alignnone wp-image-30559 size-full\" src=\"https:\/\/www.uea.edu.ec\/web\/v2\/wp-content\/uploads\/2023\/03\/Captura-de-pantalla-2023-03-17-142243.png\" sizes=\"(max-width: 1230px) 100vw, 1230px\" srcset=\"https:\/\/www.uea.edu.ec\/web\/v2\/wp-content\/uploads\/2023\/03\/Captura-de-pantalla-2023-03-17-142243.png 1230w, https:\/\/www.uea.edu.ec\/web\/v2\/wp-content\/uploads\/2023\/03\/Captura-de-pantalla-2023-03-17-142243-300x13.png 300w, https:\/\/www.uea.edu.ec\/web\/v2\/wp-content\/uploads\/2023\/03\/Captura-de-pantalla-2023-03-17-142243-1024x44.png 1024w, https:\/\/www.uea.edu.ec\/web\/v2\/wp-content\/uploads\/2023\/03\/Captura-de-pantalla-2023-03-17-142243-768x33.png 768w\" alt=\"\" width=\"1230\" height=\"53\" \/><br \/><strong>Fase 3: Presentaci\u00f3n a la ciudadan\u00eda del Informe de rendici\u00f3n de cuentas &#8211; Deliberaci\u00f3n P\u00fablica<\/strong><br \/>1. Difusi\u00f3n del Informe de Rendici\u00f3n de Cuentas<\/p><ul><li>1.1. Invitaci\u00f3n a Rendici\u00f3n de Cuentas UEA 2025<\/li><li>1.2. Solicitud de invitados al evento de Rendici\u00f3n de Cuentas UEA 2025<\/li><li>1.3. Difusi\u00f3n del Informe<\/li><\/ul><p>2. Planificaci\u00f3n del Evento Participativo<\/p><ul><li>2.1. Convocatoria P\u00fablicas al Evento<\/li><li>2.2. Condiciones de Log\u00edstica que brinden la facilidad para ejecuci\u00f3n del evento<\/li><li>2.3 Preparaci\u00f3n de Facilitadores<\/li><li>2.4. Preparaci\u00f3n de la Agenda<\/li><\/ul><p>3. Realizaci\u00f3n del Evento de Rendici\u00f3n de Cuentas<\/p><ul><li>3.1. Registro de Firmas del Evento<\/li><li>3.2.Presentaci\u00f3n del informe y di\u00e1logo ciudadano<\/li><\/ul><p><img decoding=\"async\" class=\"alignnone wp-image-30559 size-full\" src=\"https:\/\/www.uea.edu.ec\/web\/v2\/wp-content\/uploads\/2023\/03\/Captura-de-pantalla-2023-03-17-142243.png\" sizes=\"(max-width: 1230px) 100vw, 1230px\" srcset=\"https:\/\/www.uea.edu.ec\/web\/v2\/wp-content\/uploads\/2023\/03\/Captura-de-pantalla-2023-03-17-142243.png 1230w, https:\/\/www.uea.edu.ec\/web\/v2\/wp-content\/uploads\/2023\/03\/Captura-de-pantalla-2023-03-17-142243-300x13.png 300w, https:\/\/www.uea.edu.ec\/web\/v2\/wp-content\/uploads\/2023\/03\/Captura-de-pantalla-2023-03-17-142243-1024x44.png 1024w, https:\/\/www.uea.edu.ec\/web\/v2\/wp-content\/uploads\/2023\/03\/Captura-de-pantalla-2023-03-17-142243-768x33.png 768w\" alt=\"\" width=\"1230\" height=\"53\" \/><br \/><strong>Fase 4: Entrega de Informe de rendici\u00f3n de cuentas al Consejo de Participaci\u00f3n <\/strong><strong>Ciudadana y Control Social<\/strong><br \/>1. Registro en el sistema inform\u00e1tico<br \/>2. Carga del informe en el sistema inform\u00e1tico con links a los medios de verificaci{on y aportes ciudadanos<\/p>\t\t\t\t\t\t\t\t<\/div>\n\t\t\t\t<\/div>\n\t\t\t\t\t<\/div>\n\t\t<\/div>\n\t\t\t\t\t<\/div>\n\t\t<\/section>\n\t\t\t\t<\/div>\n\t\t","protected":false},"excerpt":{"rendered":"<p>Fase 1: Organizaci\u00f3n interna institucional1. Conformaci\u00f3n del equipo responsable del Proceso de Rendici\u00f3n de Cuentas2. Designaci\u00f3n de responsables del proceso &hellip; <\/p>\n","protected":false},"author":9,"featured_media":0,"parent":0,"menu_order":0,"comment_status":"closed","ping_status":"closed","template":"","meta":{"om_disable_all_campaigns":false,"_monsterinsights_skip_tracking":false,"_monsterinsights_sitenote_active":false,"_monsterinsights_sitenote_note":"","_monsterinsights_sitenote_category":0,"footnotes":""},"class_list":["post-68110","page","type-page","status-publish","hentry"],"_links":{"self":[{"href":"https:\/\/www.uea.edu.ec\/web\/v2\/index.php?rest_route=\/wp\/v2\/pages\/68110","targetHints":{"allow":["GET"]}}],"collection":[{"href":"https:\/\/www.uea.edu.ec\/web\/v2\/index.php?rest_route=\/wp\/v2\/pages"}],"about":[{"href":"https:\/\/www.uea.edu.ec\/web\/v2\/index.php?rest_route=\/wp\/v2\/types\/page"}],"author":[{"embeddable":true,"href":"https:\/\/www.uea.edu.ec\/web\/v2\/index.php?rest_route=\/wp\/v2\/users\/9"}],"replies":[{"embeddable":true,"href":"https:\/\/www.uea.edu.ec\/web\/v2\/index.php?rest_route=%2Fwp%2Fv2%2Fcomments&post=68110"}],"version-history":[{"count":23,"href":"https:\/\/www.uea.edu.ec\/web\/v2\/index.php?rest_route=\/wp\/v2\/pages\/68110\/revisions"}],"predecessor-version":[{"id":68135,"href":"https:\/\/www.uea.edu.ec\/web\/v2\/index.php?rest_route=\/wp\/v2\/pages\/68110\/revisions\/68135"}],"wp:attachment":[{"href":"https:\/\/www.uea.edu.ec\/web\/v2\/index.php?rest_route=%2Fwp%2Fv2%2Fmedia&parent=68110"}],"curies":[{"name":"wp","href":"https:\/\/api.w.org\/{rel}","templated":true}]}}