{"id":9548,"date":"2023-01-28T14:17:29","date_gmt":"2023-01-28T19:17:29","guid":{"rendered":"https:\/\/web.uea.edu.ec\/web\/v2\/?page_id=9548"},"modified":"2023-08-24T09:50:37","modified_gmt":"2023-08-24T14:50:37","slug":"noticias","status":"publish","type":"page","link":"https:\/\/www.uea.edu.ec\/web\/v2\/?page_id=9548","title":{"rendered":"NOTICIAS"},"content":{"rendered":"\t\t<div data-elementor-type=\"wp-page\" data-elementor-id=\"9548\" class=\"elementor elementor-9548\" data-elementor-settings=\"{&quot;ha_cmc_init_switcher&quot;:&quot;no&quot;}\" data-elementor-post-type=\"page\">\n\t\t\t\t\t\t<section class=\"elementor-section elementor-top-section elementor-element elementor-element-c363951 elementor-section-boxed elementor-section-height-default elementor-section-height-default\" data-id=\"c363951\" data-element_type=\"section\" data-settings=\"{&quot;_ha_eqh_enable&quot;:false}\">\n\t\t\t\t\t\t<div class=\"elementor-container elementor-column-gap-default\">\n\t\t\t\t\t<div class=\"elementor-column elementor-col-100 elementor-top-column elementor-element elementor-element-7648cdc\" data-id=\"7648cdc\" data-element_type=\"column\">\n\t\t\t<div class=\"elementor-widget-wrap elementor-element-populated\">\n\t\t\t\t\t\t<div class=\"elementor-element elementor-element-53ac3c5 elementor-posts--align-left elementor-grid-3 elementor-grid-tablet-2 elementor-grid-mobile-1 elementor-posts--thumbnail-top elementor-card-shadow-yes elementor-posts__hover-gradient elementor-widget elementor-widget-posts\" data-id=\"53ac3c5\" data-element_type=\"widget\" data-settings=\"{&quot;pagination_type&quot;:&quot;numbers_and_prev_next&quot;,&quot;cards_columns&quot;:&quot;3&quot;,&quot;cards_columns_tablet&quot;:&quot;2&quot;,&quot;cards_columns_mobile&quot;:&quot;1&quot;,&quot;cards_row_gap&quot;:{&quot;unit&quot;:&quot;px&quot;,&quot;size&quot;:35,&quot;sizes&quot;:[]},&quot;cards_row_gap_tablet&quot;:{&quot;unit&quot;:&quot;px&quot;,&quot;size&quot;:&quot;&quot;,&quot;sizes&quot;:[]},&quot;cards_row_gap_mobile&quot;:{&quot;unit&quot;:&quot;px&quot;,&quot;size&quot;:&quot;&quot;,&quot;sizes&quot;:[]}}\" data-widget_type=\"posts.cards\">\n\t\t\t\t<div class=\"elementor-widget-container\">\n\t\t\t\t\t\t\t<div class=\"elementor-posts-container elementor-posts elementor-posts--skin-cards elementor-grid\">\n\t\t\t\t<article class=\"elementor-post elementor-grid-item post-67739 post type-post status-publish format-standard has-post-thumbnail hentry category-sin-categoria\">\n\t\t\t<div class=\"elementor-post__card\">\n\t\t\t\t<a class=\"elementor-post__thumbnail__link\" href=\"https:\/\/www.uea.edu.ec\/web\/v2\/?p=67739\" tabindex=\"-1\" target=\"_blank\"><div class=\"elementor-post__thumbnail\"><img fetchpriority=\"high\" decoding=\"async\" width=\"750\" height=\"363\" src=\"https:\/\/www.uea.edu.ec\/web\/v2\/wp-content\/uploads\/2026\/03\/linea1-1024x495.jpg\" class=\"attachment-large size-large wp-image-67756\" alt=\"\" srcset=\"https:\/\/www.uea.edu.ec\/web\/v2\/wp-content\/uploads\/2026\/03\/linea1-1024x495.jpg 1024w, https:\/\/www.uea.edu.ec\/web\/v2\/wp-content\/uploads\/2026\/03\/linea1-300x145.jpg 300w, https:\/\/www.uea.edu.ec\/web\/v2\/wp-content\/uploads\/2026\/03\/linea1-768x371.jpg 768w, https:\/\/www.uea.edu.ec\/web\/v2\/wp-content\/uploads\/2026\/03\/linea1-1536x743.jpg 1536w, https:\/\/www.uea.edu.ec\/web\/v2\/wp-content\/uploads\/2026\/03\/linea1-2048x991.jpg 2048w\" sizes=\"(max-width: 750px) 100vw, 750px\" \/><\/div><\/a>\n\t\t\t\t<div class=\"elementor-post__text\">\n\t\t\t\t<h3 class=\"elementor-post__title\">\n\t\t\t<a href=\"https:\/\/www.uea.edu.ec\/web\/v2\/?p=67739\" target=&quot;_blank&quot;>\n\t\t\t\tUNIVERSIDAD ESTATAL AMAZ\u00d3NICA REALIZ\u00d3 LA CONSTRUCCI\u00d3N PARTICIPATIVA Y SOCIALIZACI\u00d3N DE SU MODELO EDUCATIVO 2026\t\t\t<\/a>\n\t\t<\/h3>\n\t\t\t\t<div class=\"elementor-post__excerpt\">\n\t\t\t<p>La Universidad Estatal Amaz\u00f3nica (UEA), como instituci\u00f3n p\u00fablica de educaci\u00f3n superior comprometida con el desarrollo de la Regi\u00f3n Amaz\u00f3nica, llev\u00f3<\/p>\n\t\t<\/div>\n\t\t\t\t\t<div class=\"elementor-post__read-more-wrapper\">\n\t\t\n\t\t<a class=\"elementor-post__read-more\" href=\"https:\/\/www.uea.edu.ec\/web\/v2\/?p=67739\" aria-label=\"M\u00e1s informaci\u00f3n sobre UNIVERSIDAD ESTATAL AMAZ\u00d3NICA REALIZ\u00d3 LA CONSTRUCCI\u00d3N PARTICIPATIVA Y SOCIALIZACI\u00d3N DE SU MODELO EDUCATIVO 2026\" tabindex=\"-1\" target=\"_blank\">\n\t\t\tLeer m\u00e1s \u00bb\t\t<\/a>\n\n\t\t\t\t\t<\/div>\n\t\t\t\t<\/div>\n\t\t\t\t<div class=\"elementor-post__meta-data\">\n\t\t\t\t\t<span class=\"elementor-post-date\">\n\t\t\t5 de marzo de 2026\t\t<\/span>\n\t\t\t\t<\/div>\n\t\t\t\t\t<\/div>\n\t\t<\/article>\n\t\t\t\t<article class=\"elementor-post elementor-grid-item post-67531 post type-post status-publish format-standard has-post-thumbnail hentry category-sin-categoria\">\n\t\t\t<div class=\"elementor-post__card\">\n\t\t\t\t<a class=\"elementor-post__thumbnail__link\" href=\"https:\/\/www.uea.edu.ec\/web\/v2\/?p=67531\" tabindex=\"-1\" target=\"_blank\"><div class=\"elementor-post__thumbnail\"><img decoding=\"async\" width=\"750\" height=\"500\" src=\"https:\/\/www.uea.edu.ec\/web\/v2\/wp-content\/uploads\/2026\/02\/YYYUUU-1024x683.jpg\" class=\"attachment-large size-large wp-image-67530\" alt=\"\" srcset=\"https:\/\/www.uea.edu.ec\/web\/v2\/wp-content\/uploads\/2026\/02\/YYYUUU-1024x683.jpg 1024w, https:\/\/www.uea.edu.ec\/web\/v2\/wp-content\/uploads\/2026\/02\/YYYUUU-300x200.jpg 300w, https:\/\/www.uea.edu.ec\/web\/v2\/wp-content\/uploads\/2026\/02\/YYYUUU-768x513.jpg 768w, https:\/\/www.uea.edu.ec\/web\/v2\/wp-content\/uploads\/2026\/02\/YYYUUU-1536x1025.jpg 1536w, https:\/\/www.uea.edu.ec\/web\/v2\/wp-content\/uploads\/2026\/02\/YYYUUU-2048x1367.jpg 2048w\" sizes=\"(max-width: 750px) 100vw, 750px\" \/><\/div><\/a>\n\t\t\t\t<div class=\"elementor-post__text\">\n\t\t\t\t<h3 class=\"elementor-post__title\">\n\t\t\t<a href=\"https:\/\/www.uea.edu.ec\/web\/v2\/?p=67531\" target=&quot;_blank&quot;>\n\t\t\t\tLA UEA Y EL MUNDO: FORTALECIENDO LA INTERNACIONALIZACI\u00d3N ACAD\u00c9MICA\t\t\t<\/a>\n\t\t<\/h3>\n\t\t\t\t<div class=\"elementor-post__excerpt\">\n\t\t\t<p>La Universidad Estatal Amaz\u00f3nica (UEA) desarroll\u00f3 con \u00e9xito el evento acad\u00e9mico internacional \u201cLa UEA y el Mundo: Fortaleciendo la Internacionalizaci\u00f3n<\/p>\n\t\t<\/div>\n\t\t\t\t\t<div class=\"elementor-post__read-more-wrapper\">\n\t\t\n\t\t<a class=\"elementor-post__read-more\" href=\"https:\/\/www.uea.edu.ec\/web\/v2\/?p=67531\" aria-label=\"M\u00e1s informaci\u00f3n sobre LA UEA Y EL MUNDO: FORTALECIENDO LA INTERNACIONALIZACI\u00d3N ACAD\u00c9MICA\" tabindex=\"-1\" target=\"_blank\">\n\t\t\tLeer m\u00e1s \u00bb\t\t<\/a>\n\n\t\t\t\t\t<\/div>\n\t\t\t\t<\/div>\n\t\t\t\t<div class=\"elementor-post__meta-data\">\n\t\t\t\t\t<span class=\"elementor-post-date\">\n\t\t\t4 de febrero de 2026\t\t<\/span>\n\t\t\t\t<\/div>\n\t\t\t\t\t<\/div>\n\t\t<\/article>\n\t\t\t\t<article class=\"elementor-post elementor-grid-item post-63772 post type-post status-publish format-standard has-post-thumbnail hentry category-sin-categoria\">\n\t\t\t<div class=\"elementor-post__card\">\n\t\t\t\t<a class=\"elementor-post__thumbnail__link\" href=\"https:\/\/www.uea.edu.ec\/web\/v2\/?p=63772\" tabindex=\"-1\" target=\"_blank\"><div class=\"elementor-post__thumbnail\"><img decoding=\"async\" width=\"750\" height=\"444\" src=\"https:\/\/www.uea.edu.ec\/web\/v2\/wp-content\/uploads\/2025\/07\/rdc1-1024x606.jpg\" class=\"attachment-large size-large wp-image-63780\" alt=\"\" srcset=\"https:\/\/www.uea.edu.ec\/web\/v2\/wp-content\/uploads\/2025\/07\/rdc1-1024x606.jpg 1024w, https:\/\/www.uea.edu.ec\/web\/v2\/wp-content\/uploads\/2025\/07\/rdc1-300x178.jpg 300w, https:\/\/www.uea.edu.ec\/web\/v2\/wp-content\/uploads\/2025\/07\/rdc1-768x454.jpg 768w, https:\/\/www.uea.edu.ec\/web\/v2\/wp-content\/uploads\/2025\/07\/rdc1-1536x909.jpg 1536w, https:\/\/www.uea.edu.ec\/web\/v2\/wp-content\/uploads\/2025\/07\/rdc1-2048x1212.jpg 2048w\" sizes=\"(max-width: 750px) 100vw, 750px\" \/><\/div><\/a>\n\t\t\t\t<div class=\"elementor-post__text\">\n\t\t\t\t<h3 class=\"elementor-post__title\">\n\t\t\t<a href=\"https:\/\/www.uea.edu.ec\/web\/v2\/?p=63772\" target=&quot;_blank&quot;>\n\t\t\t\tLA UNIVERSIDAD ESTATAL AMAZ\u00d3NICA RINDE CUENTAS A LA COMUNIDAD SOBRE SU GESTI\u00d3N 2024\t\t\t<\/a>\n\t\t<\/h3>\n\t\t\t\t<div class=\"elementor-post__excerpt\">\n\t\t\t<p>En cumplimiento con la Ley Org\u00e1nica de Participaci\u00f3n Ciudadana y en ejercicio de la transparencia institucional, la Universidad Estatal Amaz\u00f3nica<\/p>\n\t\t<\/div>\n\t\t\t\t\t<div class=\"elementor-post__read-more-wrapper\">\n\t\t\n\t\t<a class=\"elementor-post__read-more\" href=\"https:\/\/www.uea.edu.ec\/web\/v2\/?p=63772\" aria-label=\"M\u00e1s informaci\u00f3n sobre LA UNIVERSIDAD ESTATAL AMAZ\u00d3NICA RINDE CUENTAS A LA COMUNIDAD SOBRE SU GESTI\u00d3N 2024\" tabindex=\"-1\" target=\"_blank\">\n\t\t\tLeer m\u00e1s \u00bb\t\t<\/a>\n\n\t\t\t\t\t<\/div>\n\t\t\t\t<\/div>\n\t\t\t\t<div class=\"elementor-post__meta-data\">\n\t\t\t\t\t<span class=\"elementor-post-date\">\n\t\t\t14 de julio de 2025\t\t<\/span>\n\t\t\t\t<\/div>\n\t\t\t\t\t<\/div>\n\t\t<\/article>\n\t\t\t\t<article class=\"elementor-post elementor-grid-item post-63627 post type-post status-publish format-standard has-post-thumbnail hentry category-sin-categoria\">\n\t\t\t<div class=\"elementor-post__card\">\n\t\t\t\t<a class=\"elementor-post__thumbnail__link\" href=\"https:\/\/www.uea.edu.ec\/web\/v2\/?p=63627\" tabindex=\"-1\" target=\"_blank\"><div class=\"elementor-post__thumbnail\"><img loading=\"lazy\" decoding=\"async\" width=\"750\" height=\"379\" src=\"https:\/\/www.uea.edu.ec\/web\/v2\/wp-content\/uploads\/2025\/07\/Banner_WEB-1-1024x518.jpg\" class=\"attachment-large size-large wp-image-63637\" alt=\"\" srcset=\"https:\/\/www.uea.edu.ec\/web\/v2\/wp-content\/uploads\/2025\/07\/Banner_WEB-1-1024x518.jpg 1024w, https:\/\/www.uea.edu.ec\/web\/v2\/wp-content\/uploads\/2025\/07\/Banner_WEB-1-300x152.jpg 300w, https:\/\/www.uea.edu.ec\/web\/v2\/wp-content\/uploads\/2025\/07\/Banner_WEB-1-768x389.jpg 768w, https:\/\/www.uea.edu.ec\/web\/v2\/wp-content\/uploads\/2025\/07\/Banner_WEB-1-1536x777.jpg 1536w, https:\/\/www.uea.edu.ec\/web\/v2\/wp-content\/uploads\/2025\/07\/Banner_WEB-1-2048x1037.jpg 2048w\" sizes=\"(max-width: 750px) 100vw, 750px\" \/><\/div><\/a>\n\t\t\t\t<div class=\"elementor-post__text\">\n\t\t\t\t<h3 class=\"elementor-post__title\">\n\t\t\t<a href=\"https:\/\/www.uea.edu.ec\/web\/v2\/?p=63627\" target=&quot;_blank&quot;>\n\t\t\t\tUNIVERSIDAD ESTATAL AMAZ\u00d3NICA PRESENTA SU RENDICI\u00d3N DE CUENTAS 2024\t\t\t<\/a>\n\t\t<\/h3>\n\t\t\t\t<div class=\"elementor-post__excerpt\">\n\t\t\t<p>En el marco del compromiso con la transparencia y la participaci\u00f3n ciudadana, la Universidad Estatal Amaz\u00f3nica realizar\u00e1 su evento p\u00fablico<\/p>\n\t\t<\/div>\n\t\t\t\t\t<div class=\"elementor-post__read-more-wrapper\">\n\t\t\n\t\t<a class=\"elementor-post__read-more\" href=\"https:\/\/www.uea.edu.ec\/web\/v2\/?p=63627\" aria-label=\"M\u00e1s informaci\u00f3n sobre UNIVERSIDAD ESTATAL AMAZ\u00d3NICA PRESENTA SU RENDICI\u00d3N DE CUENTAS 2024\" tabindex=\"-1\" target=\"_blank\">\n\t\t\tLeer m\u00e1s \u00bb\t\t<\/a>\n\n\t\t\t\t\t<\/div>\n\t\t\t\t<\/div>\n\t\t\t\t<div class=\"elementor-post__meta-data\">\n\t\t\t\t\t<span class=\"elementor-post-date\">\n\t\t\t4 de julio de 2025\t\t<\/span>\n\t\t\t\t<\/div>\n\t\t\t\t\t<\/div>\n\t\t<\/article>\n\t\t\t\t<article class=\"elementor-post elementor-grid-item post-62514 post type-post status-publish format-standard has-post-thumbnail hentry category-sin-categoria\">\n\t\t\t<div class=\"elementor-post__card\">\n\t\t\t\t<a class=\"elementor-post__thumbnail__link\" href=\"https:\/\/www.uea.edu.ec\/web\/v2\/?p=62514\" tabindex=\"-1\" target=\"_blank\"><div class=\"elementor-post__thumbnail\"><img loading=\"lazy\" decoding=\"async\" width=\"750\" height=\"371\" src=\"https:\/\/www.uea.edu.ec\/web\/v2\/wp-content\/uploads\/2025\/05\/lagartija-1024x507.jpg\" class=\"attachment-large size-large wp-image-62524\" alt=\"\" srcset=\"https:\/\/www.uea.edu.ec\/web\/v2\/wp-content\/uploads\/2025\/05\/lagartija-1024x507.jpg 1024w, https:\/\/www.uea.edu.ec\/web\/v2\/wp-content\/uploads\/2025\/05\/lagartija-300x148.jpg 300w, https:\/\/www.uea.edu.ec\/web\/v2\/wp-content\/uploads\/2025\/05\/lagartija-768x380.jpg 768w, https:\/\/www.uea.edu.ec\/web\/v2\/wp-content\/uploads\/2025\/05\/lagartija.jpg 1390w\" sizes=\"(max-width: 750px) 100vw, 750px\" \/><\/div><\/a>\n\t\t\t\t<div class=\"elementor-post__text\">\n\t\t\t\t<h3 class=\"elementor-post__title\">\n\t\t\t<a href=\"https:\/\/www.uea.edu.ec\/web\/v2\/?p=62514\" target=&quot;_blank&quot;>\n\t\t\t\t\u00a1CIENCIA LOCAL QUE PROTEGE LA BIODIVERSIDAD ECUATORIANA!\t\t\t<\/a>\n\t\t<\/h3>\n\t\t\t\t<div class=\"elementor-post__excerpt\">\n\t\t\t<p>Una nueva publicaci\u00f3n cient\u00edfica da la voz de alerta sobre la expansi\u00f3n de una especie invasora en nuestro pa\u00eds. El<\/p>\n\t\t<\/div>\n\t\t\t\t\t<div class=\"elementor-post__read-more-wrapper\">\n\t\t\n\t\t<a class=\"elementor-post__read-more\" href=\"https:\/\/www.uea.edu.ec\/web\/v2\/?p=62514\" aria-label=\"M\u00e1s informaci\u00f3n sobre \u00a1CIENCIA LOCAL QUE PROTEGE LA BIODIVERSIDAD ECUATORIANA!\" tabindex=\"-1\" target=\"_blank\">\n\t\t\tLeer m\u00e1s \u00bb\t\t<\/a>\n\n\t\t\t\t\t<\/div>\n\t\t\t\t<\/div>\n\t\t\t\t<div class=\"elementor-post__meta-data\">\n\t\t\t\t\t<span class=\"elementor-post-date\">\n\t\t\t27 de mayo de 2025\t\t<\/span>\n\t\t\t\t<\/div>\n\t\t\t\t\t<\/div>\n\t\t<\/article>\n\t\t\t\t<article class=\"elementor-post elementor-grid-item post-59456 post type-post status-publish format-standard has-post-thumbnail hentry category-sin-categoria\">\n\t\t\t<div class=\"elementor-post__card\">\n\t\t\t\t<a class=\"elementor-post__thumbnail__link\" href=\"https:\/\/www.uea.edu.ec\/web\/v2\/?p=59456\" tabindex=\"-1\" target=\"_blank\"><div class=\"elementor-post__thumbnail\"><img loading=\"lazy\" decoding=\"async\" width=\"750\" height=\"422\" src=\"https:\/\/www.uea.edu.ec\/web\/v2\/wp-content\/uploads\/2025\/02\/FORO_2025_01-1-1024x576.jpg\" class=\"attachment-large size-large wp-image-59525\" alt=\"\" srcset=\"https:\/\/www.uea.edu.ec\/web\/v2\/wp-content\/uploads\/2025\/02\/FORO_2025_01-1-1024x576.jpg 1024w, https:\/\/www.uea.edu.ec\/web\/v2\/wp-content\/uploads\/2025\/02\/FORO_2025_01-1-300x169.jpg 300w, https:\/\/www.uea.edu.ec\/web\/v2\/wp-content\/uploads\/2025\/02\/FORO_2025_01-1-768x432.jpg 768w, https:\/\/www.uea.edu.ec\/web\/v2\/wp-content\/uploads\/2025\/02\/FORO_2025_01-1.jpg 1417w\" sizes=\"(max-width: 750px) 100vw, 750px\" \/><\/div><\/a>\n\t\t\t\t<div class=\"elementor-post__text\">\n\t\t\t\t<h3 class=\"elementor-post__title\">\n\t\t\t<a href=\"https:\/\/www.uea.edu.ec\/web\/v2\/?p=59456\" target=&quot;_blank&quot;>\n\t\t\t\tLA UNIVERSIDAD ESTATAL AMAZ\u00d3NICA AVANZA HACIA LA SOSTENIBILIDAD CON EL FORO INTERNACIONAL DE ENERG\u00cdAS RENOVABLES\t\t\t<\/a>\n\t\t<\/h3>\n\t\t\t\t<div class=\"elementor-post__excerpt\">\n\t\t\t<p>El pasado mi\u00e9rcoles 29 de enero, la Universidad Estatal Amaz\u00f3nica (UEA) efectu\u00f3 el Foro Internacional de Energ\u00edas Renovables, un evento<\/p>\n\t\t<\/div>\n\t\t\t\t\t<div class=\"elementor-post__read-more-wrapper\">\n\t\t\n\t\t<a class=\"elementor-post__read-more\" href=\"https:\/\/www.uea.edu.ec\/web\/v2\/?p=59456\" aria-label=\"M\u00e1s informaci\u00f3n sobre LA UNIVERSIDAD ESTATAL AMAZ\u00d3NICA AVANZA HACIA LA SOSTENIBILIDAD CON EL FORO INTERNACIONAL DE ENERG\u00cdAS RENOVABLES\" tabindex=\"-1\" target=\"_blank\">\n\t\t\tLeer m\u00e1s \u00bb\t\t<\/a>\n\n\t\t\t\t\t<\/div>\n\t\t\t\t<\/div>\n\t\t\t\t<div class=\"elementor-post__meta-data\">\n\t\t\t\t\t<span class=\"elementor-post-date\">\n\t\t\t4 de febrero de 2025\t\t<\/span>\n\t\t\t\t<\/div>\n\t\t\t\t\t<\/div>\n\t\t<\/article>\n\t\t\t\t<\/div>\n\t\t\n\t\t\t\t<div class=\"e-load-more-anchor\" data-page=\"1\" data-max-page=\"11\" data-next-page=\"https:\/\/www.uea.edu.ec\/web\/v2\/index.php?rest_route=%2Fwp%2Fv2%2Fpages%2F9548&#038;paged=2\"><\/div>\n\t\t\t\t<nav class=\"elementor-pagination\" aria-label=\"Paginaci\u00f3n\">\n\t\t\t<span class=\"page-numbers prev\">&laquo; Anterior<\/span>\n<span aria-current=\"page\" class=\"page-numbers current\"><span class=\"elementor-screen-only\">P\u00e1gina<\/span>1<\/span>\n<a class=\"page-numbers\" href=\"https:\/\/www.uea.edu.ec\/web\/v2\/index.php\/?paged=2\"><span class=\"elementor-screen-only\">P\u00e1gina<\/span>2<\/a>\n<a class=\"page-numbers\" href=\"https:\/\/www.uea.edu.ec\/web\/v2\/index.php\/?paged=3\"><span class=\"elementor-screen-only\">P\u00e1gina<\/span>3<\/a>\n<span class=\"page-numbers dots\">&hellip;<\/span>\n<a class=\"page-numbers\" href=\"https:\/\/www.uea.edu.ec\/web\/v2\/index.php\/?paged=5\"><span class=\"elementor-screen-only\">P\u00e1gina<\/span>5<\/a>\n<a class=\"page-numbers next\" href=\"https:\/\/www.uea.edu.ec\/web\/v2\/index.php?rest_route=%2Fwp%2Fv2%2Fpages%2F9548&#038;paged=2\">Siguiente &raquo;<\/a>\t\t<\/nav>\n\t\t\t\t\t\t<\/div>\n\t\t\t\t<\/div>\n\t\t\t\t\t<\/div>\n\t\t<\/div>\n\t\t\t\t\t<\/div>\n\t\t<\/section>\n\t\t\t\t<\/div>\n\t\t","protected":false},"excerpt":{"rendered":"","protected":false},"author":10,"featured_media":0,"parent":0,"menu_order":0,"comment_status":"closed","ping_status":"closed","template":"","meta":{"om_disable_all_campaigns":false,"_monsterinsights_skip_tracking":false,"_monsterinsights_sitenote_active":false,"_monsterinsights_sitenote_note":"","_monsterinsights_sitenote_category":0,"footnotes":""},"class_list":["post-9548","page","type-page","status-publish","hentry"],"_links":{"self":[{"href":"https:\/\/www.uea.edu.ec\/web\/v2\/index.php?rest_route=\/wp\/v2\/pages\/9548","targetHints":{"allow":["GET"]}}],"collection":[{"href":"https:\/\/www.uea.edu.ec\/web\/v2\/index.php?rest_route=\/wp\/v2\/pages"}],"about":[{"href":"https:\/\/www.uea.edu.ec\/web\/v2\/index.php?rest_route=\/wp\/v2\/types\/page"}],"author":[{"embeddable":true,"href":"https:\/\/www.uea.edu.ec\/web\/v2\/index.php?rest_route=\/wp\/v2\/users\/10"}],"replies":[{"embeddable":true,"href":"https:\/\/www.uea.edu.ec\/web\/v2\/index.php?rest_route=%2Fwp%2Fv2%2Fcomments&post=9548"}],"version-history":[{"count":41,"href":"https:\/\/www.uea.edu.ec\/web\/v2\/index.php?rest_route=\/wp\/v2\/pages\/9548\/revisions"}],"predecessor-version":[{"id":36232,"href":"https:\/\/www.uea.edu.ec\/web\/v2\/index.php?rest_route=\/wp\/v2\/pages\/9548\/revisions\/36232"}],"wp:attachment":[{"href":"https:\/\/www.uea.edu.ec\/web\/v2\/index.php?rest_route=%2Fwp%2Fv2%2Fmedia&parent=9548"}],"curies":[{"name":"wp","href":"https:\/\/api.w.org\/{rel}","templated":true}]}}