{"id":6672,"date":"2019-03-21T08:50:11","date_gmt":"2019-03-21T13:50:11","guid":{"rendered":"https:\/\/www.uea.edu.ec\/?page_id=6672"},"modified":"2020-01-29T14:48:38","modified_gmt":"2020-01-29T19:48:38","slug":"informe-2018","status":"publish","type":"page","link":"https:\/\/www.uea.edu.ec\/web\/v1\/?page_id=6672","title":{"rendered":"INFORME 2018"},"content":{"rendered":"<section class=\"wpb-content-wrapper\">[vc_row][vc_column][vc_column_text]<p><\/p>\n<h1 class=\"wp-block-heading\">\u00a0<\/h1>\n<p><\/p>\n<p><\/p>\n<p><strong>FASE\u00a00\u00a0<\/strong><\/p>\n<p><\/p>\n<p><\/p>\n<p><a href=\"https:\/\/www.uea.edu.ec\/wp-content\/uploads\/2019\/03\/equipo2019.pdf\" target=\"_blank\" rel=\"noopener noreferrer\">Conformaci\u00f3n del equipo de Rendici\u00f3n de Cuentas<\/a><br \/>Propuesta para el evento de Rendici\u00f3n de Cuentas<\/p>\n<p><\/p>\n<p><\/p>\n<p><strong>FASE\u00a01<\/strong><\/p>\n<p><\/p>\n<p><\/p>\n<p><a href=\"https:\/\/www.uea.edu.ec\/wp-content\/uploads\/2019\/03\/INFORME-cuentas2019.pdf\" target=\"_blank\" rel=\"noopener noreferrer\">Redacci\u00f3n del informe de Rendici\u00f3n de Cuentas<\/a><\/p>\n<p><\/p>\n<p><\/p>\n<p><strong>FASE\u00a02<\/strong><\/p>\n<p><\/p>\n<p><\/p>\n<p>Incorporaci\u00f3n de los aportes ciudadanos en el informe de Rendici\u00f3n de Cuentas<br \/><a href=\"https:\/\/www.uea.edu.ec\/wp-content\/uploads\/2019\/03\/invitacuentas2019.jpg\" target=\"_blank\" rel=\"noopener noreferrer\">Invitaci\u00f3n a evento de Rendici\u00f3n de Cuentas<\/a><br \/><a href=\"https:\/\/www.uea.edu.ec\/wp-content\/uploads\/2019\/03\/invitacionrendicion2019.pdf\" target=\"_blank\" rel=\"noopener noreferrer\">Entrega\/Recepci\u00f3n de invitaciones para el evento de Rendici\u00f3n de Cuentas<\/a><br \/><a href=\"https:\/\/www.uea.edu.ec\/wp-content\/uploads\/2019\/03\/firmasrendicion2019.pdf\" target=\"_blank\" rel=\"noopener noreferrer\">Registro 1 asistencia Rendici\u00f3n de Cuentas<\/a><br \/><a href=\"https:\/\/www.uea.edu.ec\/wp-content\/uploads\/2019\/03\/INFORME-cuentas2019.pdf\" target=\"_blank\" rel=\"noopener noreferrer\">Presentaci\u00f3n del informe de Rendici\u00f3n de Cuentas 2018<\/a><br \/><a href=\"https:\/\/www.uea.edu.ec\/wp-content\/uploads\/2019\/03\/firmasrendicion2019.pdf\" target=\"_blank\" rel=\"noopener noreferrer\">Registro 2 asistencia Rendici\u00f3n de Cuentas \u2013 TALLERES<\/a><br \/><a href=\"https:\/\/www.uea.edu.ec\/wp-content\/uploads\/2019\/03\/firmasrendicion2019.pdf\" target=\"_blank\" rel=\"noopener noreferrer\">Registro 3 asistencia Rendici\u00f3n de Cuentas \u2013 TALLERES<\/a><br \/>Informe del medio externo C-05<br \/>Informe del Medio Externo C-05 GENERAL<br \/><a href=\"https:\/\/www.uea.edu.ec\/wp-content\/uploads\/2019\/03\/EVIDENCIAFOTOGRAFICA2019.pdf\" target=\"_blank\" rel=\"noopener noreferrer\">Evidencias fotogr\u00e1ficas del evento<\/a><br \/><a href=\"https:\/\/www.uea.edu.ec\/wp-content\/uploads\/2019\/03\/CUENTAS2019.mp4\" target=\"_blank\" rel=\"noopener noreferrer\">Informe de Rendici\u00f3n de Cuentas 2018 \u2013 Video<\/a><\/p>\n<p><\/p>\n<p><\/p>\n<p><strong>FASE\u00a03<\/strong><\/p>\n<p><\/p>\n<p><\/p>\n<p><a href=\"https:\/\/www.uea.edu.ec\/wp-content\/uploads\/2020\/01\/informe.pdf\" target=\"_blank\" rel=\"noopener noreferrer\">Informe Anual Cumplimiento LOTAIP<\/a><\/p>\n<p><\/p>\n<p><\/p>\n<p><a href=\"https:\/\/www.uea.edu.ec\/wp-content\/uploads\/2020\/01\/entrega.pdf\" target=\"_blank\" rel=\"noopener noreferrer\">Entrega del informe de Rendici\u00f3n de Cuentas al CPCCS, a trav\u00e9s del ingreso del en el sistema virtual<\/a><\/p>\n<p><\/p>[\/vc_column_text][\/vc_column][\/vc_row]<\/section>","protected":false},"excerpt":{"rendered":"<p>[vc_row][vc_column][vc_column_text] \u00a0 FASE\u00a00\u00a0 Conformaci\u00f3n del equipo de Rendici\u00f3n de CuentasPropuesta para el evento de Rendici\u00f3n de Cuentas FASE\u00a01 Redacci\u00f3n del informe de Rendici\u00f3n de Cuentas FASE\u00a02 Incorporaci\u00f3n de los aportes ciudadanos en el informe de Rendici\u00f3n de CuentasInvitaci\u00f3n a evento de Rendici\u00f3n de CuentasEntrega\/Recepci\u00f3n de invitaciones para el evento de Rendici\u00f3n de CuentasRegistro 1 asistencia &#8230; <a title=\"INFORME 2018\" class=\"read-more\" href=\"https:\/\/www.uea.edu.ec\/web\/v1\/?page_id=6672\" aria-label=\"M\u00e1s en INFORME 2018\">Leer m\u00e1s<\/a><\/p>\n","protected":false},"author":8,"featured_media":0,"parent":0,"menu_order":0,"comment_status":"closed","ping_status":"closed","template":"","meta":{"om_disable_all_campaigns":false,"_monsterinsights_skip_tracking":false,"_monsterinsights_sitenote_active":false,"_monsterinsights_sitenote_note":"","_monsterinsights_sitenote_category":0,"generate_page_header":"","footnotes":""},"class_list":["post-6672","page","type-page","status-publish"],"aioseo_notices":[],"_links":{"self":[{"href":"https:\/\/www.uea.edu.ec\/web\/v1\/index.php?rest_route=\/wp\/v2\/pages\/6672"}],"collection":[{"href":"https:\/\/www.uea.edu.ec\/web\/v1\/index.php?rest_route=\/wp\/v2\/pages"}],"about":[{"href":"https:\/\/www.uea.edu.ec\/web\/v1\/index.php?rest_route=\/wp\/v2\/types\/page"}],"author":[{"embeddable":true,"href":"https:\/\/www.uea.edu.ec\/web\/v1\/index.php?rest_route=\/wp\/v2\/users\/8"}],"replies":[{"embeddable":true,"href":"https:\/\/www.uea.edu.ec\/web\/v1\/index.php?rest_route=%2Fwp%2Fv2%2Fcomments&post=6672"}],"version-history":[{"count":9,"href":"https:\/\/www.uea.edu.ec\/web\/v1\/index.php?rest_route=\/wp\/v2\/pages\/6672\/revisions"}],"predecessor-version":[{"id":8378,"href":"https:\/\/www.uea.edu.ec\/web\/v1\/index.php?rest_route=\/wp\/v2\/pages\/6672\/revisions\/8378"}],"wp:attachment":[{"href":"https:\/\/www.uea.edu.ec\/web\/v1\/index.php?rest_route=%2Fwp%2Fv2%2Fmedia&parent=6672"}],"curies":[{"name":"wp","href":"https:\/\/api.w.org\/{rel}","templated":true}]}}